{"id":26,"date":"2023-03-17T15:01:39","date_gmt":"2023-03-17T15:01:39","guid":{"rendered":"https:\/\/www.oneautomation.se\/?page_id=26"},"modified":"2024-10-28T12:28:09","modified_gmt":"2024-10-28T12:28:09","slug":"kontakt","status":"publish","type":"page","link":"https:\/\/www.oneautomation.se\/en\/kontakt\/","title":{"rendered":"Contact"},"content":{"rendered":"<p>[et_pb_section fb_built=&#8221;1&#8243; custom_padding_last_edited=&#8221;on|tablet&#8221; next_background_color=&#8221;#ffffff&#8221; _builder_version=&#8221;4.27.2&#8243; _module_preset=&#8221;default&#8221; background_image=&#8221;https:\/\/www.oneautomation.se\/wp-content\/uploads\/2024\/10\/kontor-one-automation.jpg&#8221; height=&#8221;400px&#8221; custom_margin=&#8221;||||false|false&#8221; custom_padding=&#8221;||||false|false&#8221; custom_padding_tablet=&#8221;10vw||10vw||true|false&#8221; custom_padding_phone=&#8221;12vw||12vw||true|false&#8221; bottom_divider_style=&#8221;asymmetric3&#8243; bottom_divider_height=&#8221;72px&#8221; hover_enabled=&#8221;0&#8243; locked=&#8221;off&#8221; global_colors_info=&#8221;{}&#8221; alt=&#8221;kontorsbyggnad one automation&#8221; sticky_enabled=&#8221;0&#8243; title_text=&#8221;kontor-one-automation&#8221; background_color=&#8221;rgba(0,0,0,0.19)&#8221; background_blend=&#8221;overlay&#8221;][et_pb_row _builder_version=&#8221;4.27.2&#8243; _module_preset=&#8221;default&#8221; custom_margin=&#8221;||||false|false&#8221; custom_padding=&#8221;||||false|false&#8221; animation_style=&#8221;fade&#8221; global_colors_info=&#8221;{}&#8221; theme_builder_area=&#8221;et_body_layout&#8221;][et_pb_column type=&#8221;4_4&#8243; _builder_version=&#8221;4.20.0&#8243; _module_preset=&#8221;default&#8221; global_colors_info=&#8221;{}&#8221; theme_builder_area=&#8221;et_body_layout&#8221;][et_pb_text _builder_version=&#8221;4.27.2&#8243; _module_preset=&#8221;default&#8221; text_line_height=&#8221;1.5em&#8221; header_text_color=&#8221;#FFB743&#8243; header_font_size=&#8221;40px&#8221; header_line_height=&#8221;1.1em&#8221; background_color=&#8221;rgba(0,0,0,0.53)&#8221; width_tablet=&#8221;&#8221; width_phone=&#8221;&#8221; width_last_edited=&#8221;on|phone&#8221; max_width=&#8221;41%&#8221; max_width_tablet=&#8221;100%&#8221; max_width_phone=&#8221;100%&#8221; max_width_last_edited=&#8221;on|desktop&#8221; custom_padding=&#8221;1rem|1rem|1rem|1rem|false|false&#8221; hover_enabled=&#8221;0&#8243; header_font_size_tablet=&#8221;31px&#8221; header_font_size_phone=&#8221;28px&#8221; header_font_size_last_edited=&#8221;on|phone&#8221; global_colors_info=&#8221;{}&#8221; theme_builder_area=&#8221;et_body_layout&#8221; sticky_enabled=&#8221;0&#8243; text_text_color=&#8221;#FFFFFF&#8221;]<\/p>\n<h1>Kontakt<\/h1>\n<p>Du \u00e4r v\u00e4lkommen att skicka epost till v\u00e5r supportmejl.<br \/>\n<strong>Telefon:<\/strong> 0371 &#8211; 57 51 00<br \/>\n<strong>Epost:<\/strong> <a href=\"mailto:support@oneautomation.se\">support@oneautomation.se<\/a><br \/>\n<strong>Plats:<\/strong> Tokarp Fryebov\u00e4gen 13, 334 91 Anderstorp[\/et_pb_text][\/et_pb_column][\/et_pb_row][\/et_pb_section][et_pb_section fb_built=&#8221;1&#8243; disabled_on=&#8221;off|off|off&#8221; module_class=&#8221;one-automation-who-we-are&#8221; _builder_version=&#8221;4.27.2&#8243; _module_preset=&#8221;default&#8221; background_enable_color=&#8221;off&#8221; background_enable_image=&#8221;off&#8221; background_position=&#8221;bottom_center&#8221; background_blend=&#8221;multiply&#8221; custom_margin=&#8221;||||false|false&#8221; custom_margin_tablet=&#8221;4rem||||false|false&#8221; custom_margin_phone=&#8221;0rem||||false|false&#8221; custom_margin_last_edited=&#8221;on|phone&#8221; custom_padding=&#8221;6vh||||false|false&#8221; locked=&#8221;off&#8221; global_colors_info=&#8221;{}&#8221;][et_pb_row _builder_version=&#8221;4.27.2&#8243; _module_preset=&#8221;default&#8221; custom_margin=&#8221;-41px||||false|false&#8221; custom_margin_tablet=&#8221;||||false|false&#8221; custom_margin_phone=&#8221;||||false|false&#8221; custom_margin_last_edited=&#8221;on|desktop&#8221; custom_padding=&#8221;||0px||false|false&#8221; animation_style=&#8221;fade&#8221; global_colors_info=&#8221;{}&#8221;][et_pb_column type=&#8221;4_4&#8243; _builder_version=&#8221;4.20.0&#8243; _module_preset=&#8221;default&#8221; global_colors_info=&#8221;{}&#8221;][et_pb_text _builder_version=&#8221;4.21.0&#8243; _module_preset=&#8221;default&#8221; header_4_font=&#8221;|600||on|||||&#8221; header_4_text_color=&#8221;#9E9E9E&#8221; header_4_font_size=&#8221;14px&#8221; header_4_font_size_tablet=&#8221;20px&#8221; header_4_font_size_phone=&#8221;13px&#8221; header_4_font_size_last_edited=&#8221;on|phone&#8221; global_colors_info=&#8221;{}&#8221;]<\/p>\n<h4>one automation<\/h4>\n<p>[\/et_pb_text][et_pb_text _builder_version=&#8221;4.27.2&#8243; _module_preset=&#8221;default&#8221; text_font_size=&#8221;14px&#8221; header_font_size=&#8221;20px&#8221; header_2_text_color=&#8221;#FFB743&#8243; header_2_font_size=&#8221;40px&#8221; custom_margin=&#8221;||||false|false&#8221; custom_margin_tablet=&#8221;||||false|false&#8221; custom_margin_phone=&#8221;||3vw||false|false&#8221; custom_margin_last_edited=&#8221;on|phone&#8221; custom_padding=&#8221;0px||||false|false&#8221; header_2_text_color_tablet=&#8221;#FFB743&#8243; header_2_font_size_tablet=&#8221;40px&#8221; header_2_font_size_phone=&#8221;28px&#8221; header_2_font_size_last_edited=&#8221;on|phone&#8221; global_colors_info=&#8221;{}&#8221;]<\/p>\n<h2>Kontakta oss<\/h2>\n<p>[\/et_pb_text][et_pb_text _builder_version=&#8221;4.21.0&#8243; _module_preset=&#8221;default&#8221; header_font_size=&#8221;50px&#8221; header_4_font=&#8221;||||||||&#8221; header_4_text_color=&#8221;#333333&#8243; header_4_font_size=&#8221;19px&#8221; header_4_line_height=&#8221;1.6em&#8221; custom_margin=&#8221;||||false|false&#8221; custom_padding=&#8221;||10px||false|false&#8221; custom_padding_tablet=&#8221;||0px||false|false&#8221; custom_padding_phone=&#8221;||0px||false|false&#8221; custom_padding_last_edited=&#8221;on|phone&#8221; header_4_font_size_tablet=&#8221;&#8221; header_4_font_size_phone=&#8221;16px&#8221; header_4_font_size_last_edited=&#8221;on|phone&#8221; global_colors_info=&#8221;{}&#8221;]<\/p>\n<h4>H\u00f6r g\u00e4rna av er till oss om ni har n\u00e5gra fr\u00e5gor eller funderingar om v\u00e5ra produkter och tj\u00e4nster.<\/h4>\n<p>[\/et_pb_text][\/et_pb_column][\/et_pb_row][et_pb_row column_structure=&#8221;1_3,1_3,1_3&#8243; module_class=&#8221;two-col-tab&#8221; _builder_version=&#8221;4.27.2&#8243; _module_preset=&#8221;default&#8221; animation_style=&#8221;fade&#8221; global_colors_info=&#8221;{}&#8221;][et_pb_column type=&#8221;1_3&#8243; _builder_version=&#8221;4.20.4&#8243; _module_preset=&#8221;default&#8221; global_colors_info=&#8221;{}&#8221;][et_pb_team_member name=&#8221;Roine Nilsson&#8221; position=&#8221;VD&#8221; image_url=&#8221;https:\/\/www.oneautomation.se\/wp-content\/uploads\/2024\/10\/roine-one-automationn.jpg&#8221; module_class=&#8221;one-automation-person-widget&#8221; _builder_version=&#8221;4.27.2&#8243; _module_preset=&#8221;default&#8221; header_font=&#8221;|700|||||||&#8221; header_text_align=&#8221;left&#8221; header_text_color=&#8221;#000000&#8243; header_font_size=&#8221;18px&#8221; body_line_height=&#8221;1.8em&#8221; position_text_align=&#8221;left&#8221; background_color=&#8221;rgba(230,230,230,0)&#8221; width=&#8221;80%&#8221; custom_margin=&#8221;||15px||false|false&#8221; custom_padding=&#8221;||||false|false&#8221; header_font_size_tablet=&#8221;18px&#8221; header_font_size_phone=&#8221;16px&#8221; header_font_size_last_edited=&#8221;on|phone&#8221; global_colors_info=&#8221;{}&#8221;]<\/p>\n<p><a href=\"mailto:roine@oneautomation.se\"><span class=\"et-pb-icon one-automation-contact-icon\">\ue076<\/span> roine@oneautomation.se<\/a><br \/><a href=\"tel:+46371575105\"><span class=\"et-pb-icon one-automation-contact-icon\">\ue090<\/span> 0371 57 51 05<\/a><\/p>\n<p>[\/et_pb_team_member][\/et_pb_column][et_pb_column type=&#8221;1_3&#8243; _builder_version=&#8221;4.20.4&#8243; _module_preset=&#8221;default&#8221; global_colors_info=&#8221;{}&#8221;][et_pb_team_member name=&#8221;Erika Gustafsson&#8221; position=&#8221;Ekonomi&#8221; image_url=&#8221;https:\/\/www.oneautomation.se\/wp-content\/uploads\/2024\/10\/erika-one-automation.jpg&#8221; module_class=&#8221;one-automation-person-widget&#8221; _builder_version=&#8221;4.27.2&#8243; _module_preset=&#8221;default&#8221; header_font=&#8221;|700|||||||&#8221; header_text_align=&#8221;left&#8221; header_text_color=&#8221;#000000&#8243; header_font_size=&#8221;18px&#8221; body_line_height=&#8221;1.8em&#8221; position_text_align=&#8221;left&#8221; background_color=&#8221;rgba(230,230,230,0)&#8221; width=&#8221;80%&#8221; custom_margin=&#8221;||15px||false|false&#8221; custom_padding=&#8221;||||false|false&#8221; header_font_size_tablet=&#8221;18px&#8221; header_font_size_phone=&#8221;15px&#8221; header_font_size_last_edited=&#8221;on|phone&#8221; global_colors_info=&#8221;{}&#8221;]<\/p>\n<p><a href=\"mailto:ekonomi@oneautomation.se\"><span class=\"et-pb-icon one-automation-contact-icon\">\ue076<\/span> ekonomi@oneautomation.se<\/a><br \/><span class=\"et-pb-icon one-automation-contact-icon\">\ue090<\/span> <a href=\"tel:+46371-575103\">0371 57 51 03<\/a><\/p>\n<p>[\/et_pb_team_member][\/et_pb_column][et_pb_column type=&#8221;1_3&#8243; _builder_version=&#8221;4.20.4&#8243; _module_preset=&#8221;default&#8221; global_colors_info=&#8221;{}&#8221;][et_pb_team_member name=&#8221;Andreas Nilsson&#8221; position=&#8221;Servicetekniker&#8221; image_url=&#8221;https:\/\/www.oneautomation.se\/wp-content\/uploads\/2024\/10\/andreas-one-automation.jpg&#8221; module_class=&#8221;one-automation-person-widget&#8221; _builder_version=&#8221;4.27.2&#8243; _module_preset=&#8221;default&#8221; header_font=&#8221;|700|||||||&#8221; header_text_align=&#8221;left&#8221; header_text_color=&#8221;#000000&#8243; header_font_size=&#8221;18px&#8221; body_line_height=&#8221;1.8em&#8221; position_text_align=&#8221;left&#8221; background_color=&#8221;rgba(230,230,230,0)&#8221; width=&#8221;80%&#8221; custom_margin=&#8221;||15px||false|false&#8221; custom_padding=&#8221;||||false|false&#8221; header_font_size_tablet=&#8221;18px&#8221; header_font_size_phone=&#8221;16px&#8221; header_font_size_last_edited=&#8221;on|phone&#8221; global_colors_info=&#8221;{}&#8221;]<\/p>\n<p><a href=\"mailto:andreas@oneautomation.se\"><span class=\"et-pb-icon one-automation-contact-icon\">\ue076<\/span> andreas@oneautomation.se<\/a><br \/><a href=\"tel:+46371575107\"><span class=\"et-pb-icon one-automation-contact-icon\">\ue090<\/span> 0371 57 51 07<\/a><\/p>\n<p>[\/et_pb_team_member][\/et_pb_column][\/et_pb_row][et_pb_row column_structure=&#8221;1_3,1_3,1_3&#8243; module_class=&#8221;two-col-tab&#8221; _builder_version=&#8221;4.21.0&#8243; _module_preset=&#8221;default&#8221; custom_margin=&#8221;||||false|false&#8221; animation_style=&#8221;fade&#8221; global_colors_info=&#8221;{}&#8221;][et_pb_column type=&#8221;1_3&#8243; _builder_version=&#8221;4.20.4&#8243; _module_preset=&#8221;default&#8221; global_colors_info=&#8221;{}&#8221;][et_pb_team_member name=&#8221;Ronny Andersson&#8221; position=&#8221;Servicetekniker&#8221; image_url=&#8221;https:\/\/www.oneautomation.se\/wp-content\/uploads\/2024\/10\/ronny-one-automation.jpg&#8221; module_class=&#8221;one-automation-person-widget&#8221; _builder_version=&#8221;4.27.2&#8243; _module_preset=&#8221;default&#8221; header_font=&#8221;|700|||||||&#8221; header_text_align=&#8221;left&#8221; header_text_color=&#8221;#000000&#8243; header_font_size=&#8221;18px&#8221; body_line_height=&#8221;1.8em&#8221; position_text_align=&#8221;left&#8221; background_color=&#8221;rgba(230,230,230,0)&#8221; width=&#8221;80%&#8221; custom_margin=&#8221;||15px||false|false&#8221; custom_padding=&#8221;||||false|false&#8221; header_font_size_tablet=&#8221;18px&#8221; header_font_size_phone=&#8221;16px&#8221; header_font_size_last_edited=&#8221;on|phone&#8221; global_colors_info=&#8221;{}&#8221;][\/et_pb_team_member][\/et_pb_column][et_pb_column type=&#8221;1_3&#8243; _builder_version=&#8221;4.20.4&#8243; _module_preset=&#8221;default&#8221; global_colors_info=&#8221;{}&#8221;][et_pb_team_member name=&#8221;Hampus Nilsson&#8221; position=&#8221;Servicetekniker&#8221; image_url=&#8221;https:\/\/www.oneautomation.se\/wp-content\/uploads\/2024\/10\/hampus-one-automation.jpg&#8221; module_class=&#8221;one-automation-person-widget&#8221; _builder_version=&#8221;4.27.2&#8243; _module_preset=&#8221;default&#8221; header_font=&#8221;|700|||||||&#8221; header_text_align=&#8221;left&#8221; header_text_color=&#8221;#000000&#8243; header_font_size=&#8221;18px&#8221; body_line_height=&#8221;1.8em&#8221; position_text_align=&#8221;left&#8221; background_color=&#8221;rgba(230,230,230,0)&#8221; width=&#8221;80%&#8221; custom_margin=&#8221;||15px||false|false&#8221; custom_padding=&#8221;||||false|false&#8221; header_font_size_tablet=&#8221;18px&#8221; header_font_size_phone=&#8221;16px&#8221; header_font_size_last_edited=&#8221;on|phone&#8221; global_colors_info=&#8221;{}&#8221;]<\/p>\n<p><a href=\"mailto:hampus@oneautomation.se\"><span class=\"et-pb-icon one-automation-contact-icon\">\ue076<\/span> hampus@oneautomation.se<\/a><br \/><a href=\"tel:+46371575104\"><span class=\"et-pb-icon one-automation-contact-icon\">\ue090<\/span> 0371 57 51 04<\/a><\/p>\n<p>[\/et_pb_team_member][\/et_pb_column][et_pb_column type=&#8221;1_3&#8243; _builder_version=&#8221;4.20.4&#8243; _module_preset=&#8221;default&#8221; global_colors_info=&#8221;{}&#8221;][et_pb_team_member name=&#8221;Attila Yilmazlar&#8221; position=&#8221;Servicetekniker&#8221; image_url=&#8221;https:\/\/www.oneautomation.se\/wp-content\/uploads\/2024\/10\/attila-one-automation.jpg&#8221; module_class=&#8221;one-automation-person-widget&#8221; _builder_version=&#8221;4.27.2&#8243; _module_preset=&#8221;default&#8221; header_font=&#8221;|700|||||||&#8221; header_text_align=&#8221;left&#8221; header_text_color=&#8221;#000000&#8243; header_font_size=&#8221;18px&#8221; body_line_height=&#8221;1.8em&#8221; position_text_align=&#8221;left&#8221; background_color=&#8221;rgba(230,230,230,0)&#8221; width=&#8221;80%&#8221; custom_margin=&#8221;||15px||false|false&#8221; custom_padding=&#8221;||||false|false&#8221; header_font_size_tablet=&#8221;18px&#8221; header_font_size_phone=&#8221;16px&#8221; header_font_size_last_edited=&#8221;on|phone&#8221; global_colors_info=&#8221;{}&#8221;][\/et_pb_team_member][\/et_pb_column][\/et_pb_row][\/et_pb_section][et_pb_section fb_built=&#8221;1&#8243; _builder_version=&#8221;4.27.2&#8243; _module_preset=&#8221;default&#8221; global_colors_info=&#8221;{}&#8221;][et_pb_row _builder_version=&#8221;4.27.2&#8243; _module_preset=&#8221;default&#8221; global_colors_info=&#8221;{}&#8221;][et_pb_column type=&#8221;4_4&#8243; _builder_version=&#8221;4.27.2&#8243; _module_preset=&#8221;default&#8221; global_colors_info=&#8221;{}&#8221;][\/et_pb_column][\/et_pb_row][\/et_pb_section]<\/p>\n","protected":false},"excerpt":{"rendered":"<p>Kontakt Du \u00e4r v\u00e4lkommen att skicka epost till v\u00e5r supportmejl. Telefon: 0371 &#8211; 57 51 00 Epost: support@oneautomation.se Plats: Tokarp Fryebov\u00e4gen 13, 334 91 Anderstorpone automationKontakta ossH\u00f6r g\u00e4rna av er till oss om ni har n\u00e5gra fr\u00e5gor eller funderingar om v\u00e5ra produkter och tj\u00e4nster.\ue076 roine@oneautomation.se\ue090 0371 57 51 05\ue076 ekonomi@oneautomation.se\ue090 0371 57 51 03\ue076 andreas@oneautomation.se\ue090 [&hellip;]<\/p>\n","protected":false},"author":2,"featured_media":0,"parent":0,"menu_order":0,"comment_status":"closed","ping_status":"closed","template":"","meta":{"_et_pb_use_builder":"on","_et_pb_old_content":"<!-- wp:divi\/placeholder \/-->","_et_gb_content_width":"","footnotes":""},"class_list":["post-26","page","type-page","status-publish","hentry"],"_links":{"self":[{"href":"https:\/\/www.oneautomation.se\/en\/wp-json\/wp\/v2\/pages\/26","targetHints":{"allow":["GET"]}}],"collection":[{"href":"https:\/\/www.oneautomation.se\/en\/wp-json\/wp\/v2\/pages"}],"about":[{"href":"https:\/\/www.oneautomation.se\/en\/wp-json\/wp\/v2\/types\/page"}],"author":[{"embeddable":true,"href":"https:\/\/www.oneautomation.se\/en\/wp-json\/wp\/v2\/users\/2"}],"replies":[{"embeddable":true,"href":"https:\/\/www.oneautomation.se\/en\/wp-json\/wp\/v2\/comments?post=26"}],"version-history":[{"count":5,"href":"https:\/\/www.oneautomation.se\/en\/wp-json\/wp\/v2\/pages\/26\/revisions"}],"predecessor-version":[{"id":4041,"href":"https:\/\/www.oneautomation.se\/en\/wp-json\/wp\/v2\/pages\/26\/revisions\/4041"}],"wp:attachment":[{"href":"https:\/\/www.oneautomation.se\/en\/wp-json\/wp\/v2\/media?parent=26"}],"curies":[{"name":"wp","href":"https:\/\/api.w.org\/{rel}","templated":true}]}}